{"id":1016,"date":"2024-11-12T00:55:44","date_gmt":"2024-11-12T00:55:44","guid":{"rendered":"https:\/\/yaryuravende.com\/landing\/?page_id=1016"},"modified":"2024-11-12T12:47:21","modified_gmt":"2024-11-12T12:47:21","slug":"sumate","status":"publish","type":"page","link":"https:\/\/yaryuravende.com\/landing\/sumate\/","title":{"rendered":"Sumate"},"content":{"rendered":"\n[et_pb_section fb_built=\u00bb1&#8243; _builder_version=\u00bb4.27.0&#8243; _module_preset=\u00bbdefault\u00bb background_image=\u00bbhttps:\/\/yaryuravende.com\/landing\/wp-content\/uploads\/2024\/11\/yar-sumate-1.jpg\u00bb background_position=\u00bbtop_center\u00bb border_width_top=\u00bb4px\u00bb border_color_top=\u00bb#E02B20&#8243; global_colors_info=\u00bb{}\u00bb][et_pb_row column_structure=\u00bb3_5,2_5&#8243; _builder_version=\u00bb4.27.0&#8243; _module_preset=\u00bbdefault\u00bb max_width=\u00bb1920px\u00bb global_colors_info=\u00bb{}\u00bb][et_pb_column type=\u00bb3_5&#8243; _builder_version=\u00bb4.27.0&#8243; _module_preset=\u00bbdefault\u00bb global_colors_info=\u00bb{}\u00bb][et_pb_text _builder_version=\u00bb4.27.0&#8243; _module_preset=\u00bbdefault\u00bb header_text_color=\u00bb#FFFFFF\u00bb header_font_size=\u00bb60px\u00bb header_line_height=\u00bb1.2em\u00bb custom_padding=\u00bb140px|||||\u00bb global_colors_info=\u00bb{}\u00bb]<h1>Trabaj\u00e1 con nosotros<\/h1>[\/et_pb_text][\/et_pb_column][et_pb_column type=\u00bb2_5&#8243; _builder_version=\u00bb4.27.0&#8243; _module_preset=\u00bbdefault\u00bb global_colors_info=\u00bb{}\u00bb][et_pb_text _builder_version=\u00bb4.27.0&#8243; _module_preset=\u00bbdefault\u00bb text_text_color=\u00bb#FFFFFF\u00bb header_3_text_color=\u00bb#FFFFFF\u00bb hover_enabled=\u00bb0&#8243; global_colors_info=\u00bb{}\u00bb text_font_size=\u00bb17px\u00bb text_font=\u00bb|300|||||||\u00bb sticky_enabled=\u00bb0&#8243;]<h3>\u00bfQuer\u00e9s ser parte de nuestro staff?<\/h3>\n<p class=\"large\">Dejanos tu CV.<\/p>[\/et_pb_text][et_pb_code _builder_version=\u00bb4.27.0&#8243; _module_preset=\u00bbdefault\u00bb global_colors_info=\u00bb{}\u00bb]\n<div class=\"wpcf7 no-js\" id=\"wpcf7-f1024-o1\" lang=\"es-ES\" dir=\"ltr\" data-wpcf7-id=\"1024\">\n<div class=\"screen-reader-response\"><p role=\"status\" aria-live=\"polite\" aria-atomic=\"true\"><\/p> <ul><\/ul><\/div>\n<form action=\"\/landing\/wp-json\/wp\/v2\/pages\/1016#wpcf7-f1024-o1\" method=\"post\" class=\"wpcf7-form init\" aria-label=\"Formulario de contacto\" enctype=\"multipart\/form-data\" novalidate=\"novalidate\" data-status=\"init\">\n<fieldset class=\"hidden-fields-container\"><input type=\"hidden\" name=\"_wpcf7\" value=\"1024\" \/><input type=\"hidden\" name=\"_wpcf7_version\" value=\"6.1.5\" \/><input type=\"hidden\" name=\"_wpcf7_locale\" value=\"es_ES\" \/><input type=\"hidden\" name=\"_wpcf7_unit_tag\" value=\"wpcf7-f1024-o1\" \/><input type=\"hidden\" name=\"_wpcf7_container_post\" value=\"0\" \/><input type=\"hidden\" name=\"_wpcf7_posted_data_hash\" value=\"\" \/><input type=\"hidden\" name=\"_wpcf7_recaptcha_response\" value=\"\" \/>\n<\/fieldset>\n<p><label> Nombre y Apellido<br \/>\n<span class=\"wpcf7-form-control-wrap\" data-name=\"your-name\"><input size=\"40\" maxlength=\"400\" class=\"wpcf7-form-control wpcf7-text wpcf7-validates-as-required\" autocomplete=\"name\" aria-required=\"true\" aria-invalid=\"false\" value=\"\" type=\"text\" name=\"your-name\" \/><\/span> <\/label>\n<\/p>\n<p><label> Correo electr\u00f3nico<br \/>\n<span class=\"wpcf7-form-control-wrap\" data-name=\"your-email\"><input size=\"40\" maxlength=\"400\" class=\"wpcf7-form-control wpcf7-email wpcf7-validates-as-required wpcf7-text wpcf7-validates-as-email\" autocomplete=\"email\" aria-required=\"true\" aria-invalid=\"false\" value=\"\" type=\"email\" name=\"your-email\" \/><\/span> <\/label>\n<\/p>\n<p><label> Tel\u00e9fono celular<br \/>\n<span class=\"wpcf7-form-control-wrap\" data-name=\"tel-232\"><input size=\"40\" maxlength=\"400\" class=\"wpcf7-form-control wpcf7-tel wpcf7-validates-as-required wpcf7-text wpcf7-validates-as-tel\" autocomplete=\"phone\" aria-required=\"true\" aria-invalid=\"false\" value=\"\" type=\"tel\" name=\"tel-232\" \/><\/span> <\/label>\n<\/p>\n<p><label> Sub\u00ed tu CV (Archivos permitidos: .pdf o .docx hasta 5mb)<br \/>\n<span class=\"wpcf7-form-control-wrap\" data-name=\"your-file\"><input size=\"40\" class=\"wpcf7-form-control wpcf7-file\" accept=\".pdf,.doc,.docx\" aria-invalid=\"false\" type=\"file\" name=\"your-file\" \/><\/span> <\/label>\n<\/p>\n<p><label> Tu mensaje (opcional)<br \/>\n<span class=\"wpcf7-form-control-wrap\" data-name=\"your-message\"><textarea cols=\"40\" rows=\"10\" maxlength=\"2000\" class=\"wpcf7-form-control wpcf7-textarea\" aria-invalid=\"false\" name=\"your-message\"><\/textarea><\/span> <\/label>\n<\/p>\n<p><input class=\"wpcf7-form-control wpcf7-submit has-spinner\" type=\"submit\" value=\"Enviar\" \/>\n<\/p><div class=\"wpcf7-response-output\" aria-hidden=\"true\"><\/div>\n<\/form>\n<\/div>\n[\/et_pb_code][\/et_pb_column][\/et_pb_row][\/et_pb_section]\n","protected":false},"excerpt":{"rendered":"<p>Trabaj\u00e1 con nosotros\u00bfQuer\u00e9s ser parte de nuestro staff? Dejanos tu CV.\n<div class=\"wpcf7 no-js\" id=\"wpcf7-f1024-o2\" lang=\"es-ES\" dir=\"ltr\" data-wpcf7-id=\"1024\">\n<div class=\"screen-reader-response\"><p role=\"status\" aria-live=\"polite\" aria-atomic=\"true\"><\/p> <ul><\/ul><\/div>\n<form action=\"\/landing\/wp-json\/wp\/v2\/pages\/1016#wpcf7-f1024-o2\" method=\"post\" class=\"wpcf7-form init\" aria-label=\"Formulario de contacto\" enctype=\"multipart\/form-data\" novalidate=\"novalidate\" data-status=\"init\">\n<fieldset class=\"hidden-fields-container\"><input type=\"hidden\" name=\"_wpcf7\" value=\"1024\" \/><input type=\"hidden\" name=\"_wpcf7_version\" value=\"6.1.5\" \/><input type=\"hidden\" name=\"_wpcf7_locale\" value=\"es_ES\" \/><input type=\"hidden\" name=\"_wpcf7_unit_tag\" value=\"wpcf7-f1024-o2\" \/><input type=\"hidden\" name=\"_wpcf7_container_post\" value=\"0\" \/><input type=\"hidden\" name=\"_wpcf7_posted_data_hash\" value=\"\" \/><input type=\"hidden\" name=\"_wpcf7_recaptcha_response\" value=\"\" \/>\n<\/fieldset>\n<p><label> Nombre y Apellido<br \/>\n<span class=\"wpcf7-form-control-wrap\" data-name=\"your-name\"><input size=\"40\" maxlength=\"400\" class=\"wpcf7-form-control wpcf7-text wpcf7-validates-as-required\" autocomplete=\"name\" aria-required=\"true\" aria-invalid=\"false\" value=\"\" type=\"text\" name=\"your-name\" \/><\/span> <\/label>\n<\/p>\n<p><label> Correo electr\u00f3nico<br \/>\n<span class=\"wpcf7-form-control-wrap\" data-name=\"your-email\"><input size=\"40\" maxlength=\"400\" class=\"wpcf7-form-control wpcf7-email wpcf7-validates-as-required wpcf7-text wpcf7-validates-as-email\" autocomplete=\"email\" aria-required=\"true\" aria-invalid=\"false\" value=\"\" type=\"email\" name=\"your-email\" \/><\/span> <\/label>\n<\/p>\n<p><label> Tel\u00e9fono celular<br \/>\n<span class=\"wpcf7-form-control-wrap\" data-name=\"tel-232\"><input size=\"40\" maxlength=\"400\" class=\"wpcf7-form-control wpcf7-tel wpcf7-validates-as-required wpcf7-text wpcf7-validates-as-tel\" autocomplete=\"phone\" aria-required=\"true\" aria-invalid=\"false\" value=\"\" type=\"tel\" name=\"tel-232\" \/><\/span> <\/label>\n<\/p>\n<p><label> Sub\u00ed tu CV (Archivos permitidos: .pdf o .docx hasta 5mb)<br \/>\n<span class=\"wpcf7-form-control-wrap\" data-name=\"your-file\"><input size=\"40\" class=\"wpcf7-form-control wpcf7-file\" accept=\".pdf,.doc,.docx\" aria-invalid=\"false\" type=\"file\" name=\"your-file\" \/><\/span> <\/label>\n<\/p>\n<p><label> Tu mensaje (opcional)<br \/>\n<span class=\"wpcf7-form-control-wrap\" data-name=\"your-message\"><textarea cols=\"40\" rows=\"10\" maxlength=\"2000\" class=\"wpcf7-form-control wpcf7-textarea\" aria-invalid=\"false\" name=\"your-message\"><\/textarea><\/span> <\/label>\n<\/p>\n<p><input class=\"wpcf7-form-control wpcf7-submit has-spinner\" type=\"submit\" value=\"Enviar\" \/>\n<\/p><div class=\"wpcf7-response-output\" aria-hidden=\"true\"><\/div>\n<\/form>\n<\/div>\n<\/p>\n","protected":false},"author":2,"featured_media":0,"parent":0,"menu_order":0,"comment_status":"closed","ping_status":"closed","template":"","meta":{"_et_pb_use_builder":"on","_et_pb_old_content":"","_et_gb_content_width":"","_joinchat":[],"footnotes":""},"class_list":["post-1016","page","type-page","status-publish","hentry"],"yoast_head":"<!-- This site is optimized with the Yoast SEO plugin v27.5 - https:\/\/yoast.com\/product\/yoast-seo-wordpress\/ -->\n<title>Sumate - Landing Yaryura Propiedades<\/title>\n<meta name=\"robots\" content=\"index, follow, max-snippet:-1, max-image-preview:large, max-video-preview:-1\" \/>\n<link rel=\"canonical\" href=\"https:\/\/yaryuravende.com\/landing\/sumate\/\" \/>\n<meta property=\"og:locale\" content=\"es_ES\" \/>\n<meta property=\"og:type\" content=\"article\" \/>\n<meta property=\"og:title\" content=\"Sumate - Landing Yaryura Propiedades\" \/>\n<meta property=\"og:description\" content=\"Trabaj\u00e1 con nosotros\u00bfQuer\u00e9s ser parte de nuestro staff? Dejanos tu CV.\" \/>\n<meta property=\"og:url\" content=\"https:\/\/yaryuravende.com\/landing\/sumate\/\" \/>\n<meta property=\"og:site_name\" content=\"Landing Yaryura Propiedades\" \/>\n<meta property=\"article:publisher\" content=\"https:\/\/www.facebook.com\/pablo.yaryura.propiedades\" \/>\n<meta property=\"article:modified_time\" content=\"2024-11-12T12:47:21+00:00\" \/>\n<meta name=\"twitter:card\" content=\"summary_large_image\" \/>\n<meta name=\"twitter:label1\" content=\"Tiempo de lectura\" \/>\n\t<meta name=\"twitter:data1\" content=\"1 minuto\" \/>\n<script type=\"application\/ld+json\" class=\"yoast-schema-graph\">{\"@context\":\"https:\\\/\\\/schema.org\",\"@graph\":[{\"@type\":\"WebPage\",\"@id\":\"https:\\\/\\\/yaryuravende.com\\\/landing\\\/sumate\\\/\",\"url\":\"https:\\\/\\\/yaryuravende.com\\\/landing\\\/sumate\\\/\",\"name\":\"Sumate - Landing Yaryura Propiedades\",\"isPartOf\":{\"@id\":\"https:\\\/\\\/yaryuravende.com\\\/landing\\\/#website\"},\"datePublished\":\"2024-11-12T00:55:44+00:00\",\"dateModified\":\"2024-11-12T12:47:21+00:00\",\"breadcrumb\":{\"@id\":\"https:\\\/\\\/yaryuravende.com\\\/landing\\\/sumate\\\/#breadcrumb\"},\"inLanguage\":\"es\",\"potentialAction\":[{\"@type\":\"ReadAction\",\"target\":[\"https:\\\/\\\/yaryuravende.com\\\/landing\\\/sumate\\\/\"]}]},{\"@type\":\"BreadcrumbList\",\"@id\":\"https:\\\/\\\/yaryuravende.com\\\/landing\\\/sumate\\\/#breadcrumb\",\"itemListElement\":[{\"@type\":\"ListItem\",\"position\":1,\"name\":\"Portada\",\"item\":\"https:\\\/\\\/yaryuravende.com\\\/landing\\\/\"},{\"@type\":\"ListItem\",\"position\":2,\"name\":\"Sumate\"}]},{\"@type\":\"WebSite\",\"@id\":\"https:\\\/\\\/yaryuravende.com\\\/landing\\\/#website\",\"url\":\"https:\\\/\\\/yaryuravende.com\\\/landing\\\/\",\"name\":\"Landing Yaryura Propiedades\",\"description\":\"Comercializaci\u00f3n de emprendimientos inmobiliarios en Caseros, Santos Lugares, S\u00e1enz Pe\u00f1a y Villa Devoto.\",\"publisher\":{\"@id\":\"https:\\\/\\\/yaryuravende.com\\\/landing\\\/#organization\"},\"potentialAction\":[{\"@type\":\"SearchAction\",\"target\":{\"@type\":\"EntryPoint\",\"urlTemplate\":\"https:\\\/\\\/yaryuravende.com\\\/landing\\\/?s={search_term_string}\"},\"query-input\":{\"@type\":\"PropertyValueSpecification\",\"valueRequired\":true,\"valueName\":\"search_term_string\"}}],\"inLanguage\":\"es\"},{\"@type\":\"Organization\",\"@id\":\"https:\\\/\\\/yaryuravende.com\\\/landing\\\/#organization\",\"name\":\"Pablo Yaryura Vende\",\"url\":\"https:\\\/\\\/yaryuravende.com\\\/landing\\\/\",\"logo\":{\"@type\":\"ImageObject\",\"inLanguage\":\"es\",\"@id\":\"https:\\\/\\\/yaryuravende.com\\\/landing\\\/#\\\/schema\\\/logo\\\/image\\\/\",\"url\":\"https:\\\/\\\/yaryuravende.com\\\/landing\\\/wp-content\\\/uploads\\\/2021\\\/04\\\/yaryuravende-logo-200.png\",\"contentUrl\":\"https:\\\/\\\/yaryuravende.com\\\/landing\\\/wp-content\\\/uploads\\\/2021\\\/04\\\/yaryuravende-logo-200.png\",\"width\":1181,\"height\":232,\"caption\":\"Pablo Yaryura Vende\"},\"image\":{\"@id\":\"https:\\\/\\\/yaryuravende.com\\\/landing\\\/#\\\/schema\\\/logo\\\/image\\\/\"},\"sameAs\":[\"https:\\\/\\\/www.facebook.com\\\/pablo.yaryura.propiedades\",\"https:\\\/\\\/www.instagram.com\\\/pablo.yaryura\\\/\"]}]}<\/script>\n<!-- \/ Yoast SEO plugin. -->","yoast_head_json":{"title":"Sumate - Landing Yaryura Propiedades","robots":{"index":"index","follow":"follow","max-snippet":"max-snippet:-1","max-image-preview":"max-image-preview:large","max-video-preview":"max-video-preview:-1"},"canonical":"https:\/\/yaryuravende.com\/landing\/sumate\/","og_locale":"es_ES","og_type":"article","og_title":"Sumate - Landing Yaryura Propiedades","og_description":"Trabaj\u00e1 con nosotros\u00bfQuer\u00e9s ser parte de nuestro staff? Dejanos tu CV.","og_url":"https:\/\/yaryuravende.com\/landing\/sumate\/","og_site_name":"Landing Yaryura Propiedades","article_publisher":"https:\/\/www.facebook.com\/pablo.yaryura.propiedades","article_modified_time":"2024-11-12T12:47:21+00:00","twitter_card":"summary_large_image","twitter_misc":{"Tiempo de lectura":"1 minuto"},"schema":{"@context":"https:\/\/schema.org","@graph":[{"@type":"WebPage","@id":"https:\/\/yaryuravende.com\/landing\/sumate\/","url":"https:\/\/yaryuravende.com\/landing\/sumate\/","name":"Sumate - Landing Yaryura Propiedades","isPartOf":{"@id":"https:\/\/yaryuravende.com\/landing\/#website"},"datePublished":"2024-11-12T00:55:44+00:00","dateModified":"2024-11-12T12:47:21+00:00","breadcrumb":{"@id":"https:\/\/yaryuravende.com\/landing\/sumate\/#breadcrumb"},"inLanguage":"es","potentialAction":[{"@type":"ReadAction","target":["https:\/\/yaryuravende.com\/landing\/sumate\/"]}]},{"@type":"BreadcrumbList","@id":"https:\/\/yaryuravende.com\/landing\/sumate\/#breadcrumb","itemListElement":[{"@type":"ListItem","position":1,"name":"Portada","item":"https:\/\/yaryuravende.com\/landing\/"},{"@type":"ListItem","position":2,"name":"Sumate"}]},{"@type":"WebSite","@id":"https:\/\/yaryuravende.com\/landing\/#website","url":"https:\/\/yaryuravende.com\/landing\/","name":"Landing Yaryura Propiedades","description":"Comercializaci\u00f3n de emprendimientos inmobiliarios en Caseros, Santos Lugares, S\u00e1enz Pe\u00f1a y Villa Devoto.","publisher":{"@id":"https:\/\/yaryuravende.com\/landing\/#organization"},"potentialAction":[{"@type":"SearchAction","target":{"@type":"EntryPoint","urlTemplate":"https:\/\/yaryuravende.com\/landing\/?s={search_term_string}"},"query-input":{"@type":"PropertyValueSpecification","valueRequired":true,"valueName":"search_term_string"}}],"inLanguage":"es"},{"@type":"Organization","@id":"https:\/\/yaryuravende.com\/landing\/#organization","name":"Pablo Yaryura Vende","url":"https:\/\/yaryuravende.com\/landing\/","logo":{"@type":"ImageObject","inLanguage":"es","@id":"https:\/\/yaryuravende.com\/landing\/#\/schema\/logo\/image\/","url":"https:\/\/yaryuravende.com\/landing\/wp-content\/uploads\/2021\/04\/yaryuravende-logo-200.png","contentUrl":"https:\/\/yaryuravende.com\/landing\/wp-content\/uploads\/2021\/04\/yaryuravende-logo-200.png","width":1181,"height":232,"caption":"Pablo Yaryura Vende"},"image":{"@id":"https:\/\/yaryuravende.com\/landing\/#\/schema\/logo\/image\/"},"sameAs":["https:\/\/www.facebook.com\/pablo.yaryura.propiedades","https:\/\/www.instagram.com\/pablo.yaryura\/"]}]}},"_links":{"self":[{"href":"https:\/\/yaryuravende.com\/landing\/wp-json\/wp\/v2\/pages\/1016","targetHints":{"allow":["GET"]}}],"collection":[{"href":"https:\/\/yaryuravende.com\/landing\/wp-json\/wp\/v2\/pages"}],"about":[{"href":"https:\/\/yaryuravende.com\/landing\/wp-json\/wp\/v2\/types\/page"}],"author":[{"embeddable":true,"href":"https:\/\/yaryuravende.com\/landing\/wp-json\/wp\/v2\/users\/2"}],"replies":[{"embeddable":true,"href":"https:\/\/yaryuravende.com\/landing\/wp-json\/wp\/v2\/comments?post=1016"}],"version-history":[{"count":10,"href":"https:\/\/yaryuravende.com\/landing\/wp-json\/wp\/v2\/pages\/1016\/revisions"}],"predecessor-version":[{"id":1032,"href":"https:\/\/yaryuravende.com\/landing\/wp-json\/wp\/v2\/pages\/1016\/revisions\/1032"}],"wp:attachment":[{"href":"https:\/\/yaryuravende.com\/landing\/wp-json\/wp\/v2\/media?parent=1016"}],"curies":[{"name":"wp","href":"https:\/\/api.w.org\/{rel}","templated":true}]}}