{"id":334,"date":"2021-04-23T12:13:42","date_gmt":"2021-04-23T12:13:42","guid":{"rendered":"https:\/\/yaryuravende.com\/landing\/?page_id=334"},"modified":"2021-04-23T14:26:21","modified_gmt":"2021-04-23T14:26:21","slug":"politica-de-privacidad-pablo-yaryura-propiedades","status":"publish","type":"page","link":"https:\/\/yaryuravende.com\/landing\/politica-de-privacidad-pablo-yaryura-propiedades\/","title":{"rendered":"Pol\u00edtica de Privacidad &#8211; Pablo Yaryura Propiedades"},"content":{"rendered":"<p>[et_pb_section fb_built=\u00bb1&#8243; _builder_version=\u00bb4.9.4&#8243; _module_preset=\u00bbdefault\u00bb][et_pb_row _builder_version=\u00bb4.9.4&#8243; _module_preset=\u00bbdefault\u00bb][et_pb_column type=\u00bb4_4&#8243; _builder_version=\u00bb4.9.4&#8243; _module_preset=\u00bbdefault\u00bb][et_pb_text _builder_version=\u00bb4.9.4&#8243; _module_preset=\u00bbdefault\u00bb hover_enabled=\u00bb0&#8243; sticky_enabled=\u00bb0&#8243;]<\/p>\n<p style=\"text-align: justify;\">Esta Pol\u00edtica de Privacidad describe el modo en el que <u>Pablo Yaryura Propiedades<\/u> recopila, almacena y utiliza la informaci\u00f3n sobre las personas que visitan este sitio web. AL UTILIZAR ESTE SITIO WEB, APRUEBA LA RECOPILACI\u00d3N Y EL USO DE SUS DATOS PERSONALES COMO SE ESTABLECE EN ESTA POLITICA DE PRIVACIDAD. TAMBI\u00c9N RECONOCE QUE <u>Pablo Yaryura Propiedades<\/u> PUEDE CAMBIAR, MODIFICAR, A\u00d1ADIR, ELIMINAR O ACTUALIZAR DE CUALQUIER OTRO MODO ESTA POL\u00cdTICA DE PRIVACIDAD, SEG\u00daN CONSIDERE, SIN AVISO PREVIO. Sin embargo, siempre se tratar\u00e1 su informaci\u00f3n personal de acuerdo con la Pol\u00edtica de Privacidad vigente en el momento de su recopilaci\u00f3n. Nuestra intenci\u00f3n es publicar los cambios de la Pol\u00edtica de Privacidad en esta p\u00e1gina, para que usted disponga de toda la informaci\u00f3n acerca de los tipos de informaci\u00f3n que recopilamos, el modo en el que la utilizamos y las circunstancias en las que se puede divulgar. Nuestra Pol\u00edtica de Privacidad se encuentra en nuestra p\u00e1gina principal, as\u00ed como en cualquier p\u00e1gina en la que se soliciten Datos Personales. En todas las secciones en las que se recaben Datos Personales, se proporcionar\u00e1, de ser necesaria, una explicaci\u00f3n ampliada sobre los fines para los cuales se utilizar\u00e1n los datos solicitados.<\/p>\n<ol>\n<li><strong> Compromiso de privacidad<\/strong><\/li>\n<\/ol>\n<p>El t\u00e9rmino \u201cDatos Personales\u201d, tal como se emplea en esta Pol\u00edtica de Privacidad, hace referencia a la informaci\u00f3n que puede utilizarse para identificarlo, como su nombre, fecha de nacimiento, direcci\u00f3n de correo electr\u00f3nico, direcci\u00f3n postal o n\u00famero de tel\u00e9fono. Generalmente, procesaremos los Datos Personales exclusivamente como se describe en esta Pol\u00edtica de Privacidad. Sin embargo, nos reservamos el derecho de llevar a cabo un procesamiento adicional en la medida en la que lo permita o lo requiera la legislaci\u00f3n o como complemento de alguna investigaci\u00f3n jur\u00eddica o penal.<\/p>\n<p>&nbsp;<\/p>\n<p><strong>La siguiente secci\u00f3n explica c\u00f3mo y d\u00f3nde recopilamos sus Datos Personales.<\/strong><\/p>\n<p>&nbsp;<\/p>\n<ol start=\"2\">\n<li><strong> Uso previsto de los Datos Personales<\/strong><\/li>\n<\/ol>\n<p>Todos los Datos Personales recabados a trav\u00e9s de esta p\u00e1gina web se incluir\u00e1n en una base de datos de titularidad de <u>Pablo Yaryura Propiedades<\/u>, con el objetivo de proporcionarle y\/o facturarle los productos o servicios que haya solicitado, as\u00ed como para mantenerle informado, incluso por medios electr\u00f3nicos, sobre productos y servicios de <u>Pablo Yaryura Propiedades<\/u> que consideramos que pueden ser de su inter\u00e9s. En todo caso, la utilizaci\u00f3n de sus datos para cualquier otra finalidad le ser\u00e1 comunicada antes de proceder a su tratamiento.<\/p>\n<p>&nbsp;<\/p>\n<ol start=\"3\">\n<li><strong> Confidencialidad de Datos Personales<\/strong><\/li>\n<\/ol>\n<p>Nos comprometemos a no vender, difundir o distribuir de ning\u00fan otro modo sus Datos Personales a terceros.<\/p>\n<p>&nbsp;<\/p>\n<ol start=\"4\">\n<li><strong> Derecho de acceso, rectificaci\u00f3n y supresi\u00f3n<\/strong><\/li>\n<\/ol>\n<p>Siempre que procesamos Datos Personales, tomamos las medidas razonables para garantizar que sus Datos Personales se mantengan precisos y actualizados para los fines para los que fueron recopilados.<\/p>\n<p>De conformidad con la Ley N\u00ba 25.326 de Protecci\u00f3n de los Datos Personales, usted tiene la facultad de ejercer el derecho de acceso a los mismos en forma gratuita a intervalos no inferiores a seis meses, salvo que acredite un inter\u00e9s leg\u00edtimo al efecto conforme lo establecido en el art\u00edculo 14, inciso 3 de la ley 25.326. Asimismo, podr\u00e1 ejercer los derechos de rectificaci\u00f3n y supresi\u00f3n.<\/p>\n<p>Si desea ponerse en contacto con nosotros respecto a nuestro uso de sus Datos Personales o bien ejercer sus derechos de acceso, rectificaci\u00f3n y supresi\u00f3n al tratamiento de sus Datos Personales, por favor env\u00ede un correo electr\u00f3nico a\u00a0<u>contacto@yaryuravende.com<\/u> o comun\u00edquese telef\u00f3nicamente al (+54 11 4750 0901)<\/p>\n<p>) o env\u00ede una comunicaci\u00f3n escrita a <u>Pablo Yaryura Propiedades<\/u> a sus oficinas centrales ubicadas en J. B. Alberdi 4825 (CP1678). Caseros \u2013 Tres de Febrero<\/p>\n<p>Si se pone en contacto con nosotros, indique el nombre del sitio web en el que introdujo sus datos y acompa\u00f1e una copia de su documento nacional de identidad, pasaporte u otro documento v\u00e1lido que lo identifique, as\u00ed como la informaci\u00f3n espec\u00edfica que quiere que corrijamos, actualicemos o eliminemos. Las solicitudes para suprimir Datos Personales estar\u00e1n sujetas a cualquier obligaci\u00f3n legal y \u00e9tica vigente de informar o cumplimentar documentos u obligaciones de retenci\u00f3n documental que nos sean impuestas.<\/p>\n<p>Ponemos en su conocimiento que la DIRECCION NACIONAL DE PROTECCION DE DATOS PERSONALES, \u00d3rgano de Control de la Ley N\u00ba 25.326, tiene la atribuci\u00f3n de atender las denuncias y reclamos que se interpongan con relaci\u00f3n al incumplimiento de las normas sobre protecci\u00f3n de datos personales.<\/p>\n<p>&nbsp;<\/p>\n<ol start=\"5\">\n<li><strong> Seguridad y confidencialidad<\/strong><\/li>\n<\/ol>\n<p><u>Pablo Yaryura Propiedades<\/u> ha adoptado y mantiene las medidas de seguridad, administrativas, t\u00e9cnicas y f\u00edsicas, necesarias y razonables para proteger sus Datos Personales contra da\u00f1o, p\u00e9rdida, alteraci\u00f3n, destrucci\u00f3n o el uso, acceso o tratamiento no autorizados. Procuramos que las medidas de seguridad adoptadas sean las adecuadas para mantener correctamente resguardados sus datos personales.<\/p>\n<p>En lo que respecta a la informaci\u00f3n de datos personales sensibles, hacemos los esfuerzos razonables con el fin que se limite el periodo del tratamiento y siempre apegados a la finalidad para los cuales se recaban.<\/p>\n<p>&nbsp;<\/p>\n<ol start=\"6\">\n<li><strong> Cookies y etiquetas de internet<\/strong><\/li>\n<\/ol>\n<p>Podremos recopilar y procesar informaci\u00f3n sobre su visita a este sitio web, como las p\u00e1ginas que visita, el sitio web desde el que accede y algunas b\u00fasquedas que realiza. Dicha informaci\u00f3n se emplea para ayudarnos a mejorar el contenido del sitio y recopilar estad\u00edsticas totales sobre las personas que utilizan nuestro sitio web para uso interno y de investigaci\u00f3n de mercado. Para ello, instalaremos cookies que recopilen el nombre del dominio de usuario, su proveedor de servicios de internet, su sistema operativo y la fecha y la hora de acceso. Una cookie es una informaci\u00f3n que se env\u00eda a su navegador y se almacena en el disco duro de su ordenador. Las cookies no da\u00f1an su ordenador. Puede configurar su navegador para que le notifique cuando reciba una cookie, lo cual le permitir\u00e1 decidir si desea aceptarla o no. Si no desea que instalemos cookies, env\u00edenos un correo electr\u00f3nico a\u00a0contacto@yaryuravende.com<\/p>\n<p>&nbsp;<\/p>\n<ol start=\"7\">\n<li><strong> Google Analytics<\/strong><\/li>\n<\/ol>\n<p>Utilizamos \u201cGoogle Analytics\u201d para racionalizar nuestra cartera de sitios web (i) optimizando el tr\u00e1fico hacia nuestra web e (ii) integrando y optimizando p\u00e1ginas web, si procede. \u201cGoogle Analytics\u201d es un servicio ofrecido por Google Inc. (Google en adelante), que genera estad\u00edsticas detalladas sobre el tr\u00e1fico de un sitio web y los or\u00edgenes del tr\u00e1fico y mide las conversiones y las ventas. \u201cGoogle Analytics\u201d emplea cookies almacenadas en su ordenador para analizar el modo en el que los usuarios utilizan nuestro sitio web.<\/p>\n<p>En nuestro nombre, Google emplear\u00e1 la informaci\u00f3n generada por las cookies para evaluar el uso de nuestro sitio web, recopilar informes sobre la actividad del sitio web y nos proporcionar\u00e1 dichos informes para fines anal\u00edticos.<\/p>\n<p>Google podr\u00e1 ceder esta informaci\u00f3n a terceros en caso de una obligaci\u00f3n legal o si un tercero procesa los datos en nombre de Google. Google no combinar\u00e1 ni asociar\u00e1, en ning\u00fan caso, su direcci\u00f3n IP a otros datos almacenados por \u00e9l.<\/p>\n<p>Al utilizar nuestro sitio web, da su consentimiento para procesar cualquier dato personal que Google recopile del modo y para los fines descritos anteriormente.<\/p>\n<p>&nbsp;<\/p>\n<ol start=\"8\">\n<li><strong> Contacto<\/strong><\/li>\n<\/ol>\n<p>Si tiene alguna consulta o reclamo sobre el cumplimiento de esta Pol\u00edtica de Privacidad o si le gustar\u00eda hacer alguna recomendaci\u00f3n o comentario para mejorar la calidad de la Pol\u00edtica de Privacidad, env\u00edenos un correo electr\u00f3nico a\u00a0contacto@yaryuravende.com<\/p>\n<p>&nbsp;<\/p>\n<p>[\/et_pb_text][\/et_pb_column][\/et_pb_row][\/et_pb_section]<\/p>\n","protected":false},"excerpt":{"rendered":"<p>Esta Pol\u00edtica de Privacidad describe el modo en el que Pablo Yaryura Propiedades recopila, almacena y utiliza la informaci\u00f3n sobre las personas que visitan este sitio web. AL UTILIZAR ESTE SITIO WEB, APRUEBA LA RECOPILACI\u00d3N Y EL USO DE SUS DATOS PERSONALES COMO SE ESTABLECE EN ESTA POLITICA DE PRIVACIDAD. TAMBI\u00c9N RECONOCE QUE Pablo Yaryura [&hellip;]<\/p>\n","protected":false},"author":1,"featured_media":0,"parent":0,"menu_order":0,"comment_status":"closed","ping_status":"closed","template":"","meta":{"_et_pb_use_builder":"on","_et_pb_old_content":"","_et_gb_content_width":"","_joinchat":[],"footnotes":""},"class_list":["post-334","page","type-page","status-publish","hentry"],"yoast_head":"<!-- This site is optimized with the Yoast SEO plugin v27.5 - https:\/\/yoast.com\/product\/yoast-seo-wordpress\/ -->\n<title>Pol\u00edtica de Privacidad - Pablo Yaryura Propiedades - Landing Yaryura Propiedades<\/title>\n<meta name=\"robots\" content=\"index, follow, max-snippet:-1, max-image-preview:large, max-video-preview:-1\" \/>\n<link rel=\"canonical\" href=\"https:\/\/yaryuravende.com\/landing\/politica-de-privacidad-pablo-yaryura-propiedades\/\" \/>\n<meta property=\"og:locale\" content=\"es_ES\" \/>\n<meta property=\"og:type\" content=\"article\" \/>\n<meta property=\"og:title\" content=\"Pol\u00edtica de Privacidad - Pablo Yaryura Propiedades - Landing Yaryura Propiedades\" \/>\n<meta property=\"og:description\" content=\"Esta Pol\u00edtica de Privacidad describe el modo en el que Pablo Yaryura Propiedades recopila, almacena y utiliza la informaci\u00f3n sobre las personas que visitan este sitio web. AL UTILIZAR ESTE SITIO WEB, APRUEBA LA RECOPILACI\u00d3N Y EL USO DE SUS DATOS PERSONALES COMO SE ESTABLECE EN ESTA POLITICA DE PRIVACIDAD. TAMBI\u00c9N RECONOCE QUE Pablo Yaryura [&hellip;]\" \/>\n<meta property=\"og:url\" content=\"https:\/\/yaryuravende.com\/landing\/politica-de-privacidad-pablo-yaryura-propiedades\/\" \/>\n<meta property=\"og:site_name\" content=\"Landing Yaryura Propiedades\" \/>\n<meta property=\"article:publisher\" content=\"https:\/\/www.facebook.com\/pablo.yaryura.propiedades\" \/>\n<meta property=\"article:modified_time\" content=\"2021-04-23T14:26:21+00:00\" \/>\n<meta name=\"twitter:card\" content=\"summary_large_image\" \/>\n<meta name=\"twitter:label1\" content=\"Tiempo de lectura\" \/>\n\t<meta name=\"twitter:data1\" content=\"7 minutos\" \/>\n<script type=\"application\/ld+json\" class=\"yoast-schema-graph\">{\"@context\":\"https:\\\/\\\/schema.org\",\"@graph\":[{\"@type\":\"WebPage\",\"@id\":\"https:\\\/\\\/yaryuravende.com\\\/landing\\\/politica-de-privacidad-pablo-yaryura-propiedades\\\/\",\"url\":\"https:\\\/\\\/yaryuravende.com\\\/landing\\\/politica-de-privacidad-pablo-yaryura-propiedades\\\/\",\"name\":\"Pol\u00edtica de Privacidad - Pablo Yaryura Propiedades - Landing Yaryura Propiedades\",\"isPartOf\":{\"@id\":\"https:\\\/\\\/yaryuravende.com\\\/landing\\\/#website\"},\"datePublished\":\"2021-04-23T12:13:42+00:00\",\"dateModified\":\"2021-04-23T14:26:21+00:00\",\"breadcrumb\":{\"@id\":\"https:\\\/\\\/yaryuravende.com\\\/landing\\\/politica-de-privacidad-pablo-yaryura-propiedades\\\/#breadcrumb\"},\"inLanguage\":\"es\",\"potentialAction\":[{\"@type\":\"ReadAction\",\"target\":[\"https:\\\/\\\/yaryuravende.com\\\/landing\\\/politica-de-privacidad-pablo-yaryura-propiedades\\\/\"]}]},{\"@type\":\"BreadcrumbList\",\"@id\":\"https:\\\/\\\/yaryuravende.com\\\/landing\\\/politica-de-privacidad-pablo-yaryura-propiedades\\\/#breadcrumb\",\"itemListElement\":[{\"@type\":\"ListItem\",\"position\":1,\"name\":\"Portada\",\"item\":\"https:\\\/\\\/yaryuravende.com\\\/landing\\\/\"},{\"@type\":\"ListItem\",\"position\":2,\"name\":\"Pol\u00edtica de Privacidad &#8211; Pablo Yaryura Propiedades\"}]},{\"@type\":\"WebSite\",\"@id\":\"https:\\\/\\\/yaryuravende.com\\\/landing\\\/#website\",\"url\":\"https:\\\/\\\/yaryuravende.com\\\/landing\\\/\",\"name\":\"Landing Yaryura Propiedades\",\"description\":\"Comercializaci\u00f3n de emprendimientos inmobiliarios en Caseros, Santos Lugares, S\u00e1enz Pe\u00f1a y Villa Devoto.\",\"publisher\":{\"@id\":\"https:\\\/\\\/yaryuravende.com\\\/landing\\\/#organization\"},\"potentialAction\":[{\"@type\":\"SearchAction\",\"target\":{\"@type\":\"EntryPoint\",\"urlTemplate\":\"https:\\\/\\\/yaryuravende.com\\\/landing\\\/?s={search_term_string}\"},\"query-input\":{\"@type\":\"PropertyValueSpecification\",\"valueRequired\":true,\"valueName\":\"search_term_string\"}}],\"inLanguage\":\"es\"},{\"@type\":\"Organization\",\"@id\":\"https:\\\/\\\/yaryuravende.com\\\/landing\\\/#organization\",\"name\":\"Pablo Yaryura Vende\",\"url\":\"https:\\\/\\\/yaryuravende.com\\\/landing\\\/\",\"logo\":{\"@type\":\"ImageObject\",\"inLanguage\":\"es\",\"@id\":\"https:\\\/\\\/yaryuravende.com\\\/landing\\\/#\\\/schema\\\/logo\\\/image\\\/\",\"url\":\"https:\\\/\\\/yaryuravende.com\\\/landing\\\/wp-content\\\/uploads\\\/2021\\\/04\\\/yaryuravende-logo-200.png\",\"contentUrl\":\"https:\\\/\\\/yaryuravende.com\\\/landing\\\/wp-content\\\/uploads\\\/2021\\\/04\\\/yaryuravende-logo-200.png\",\"width\":1181,\"height\":232,\"caption\":\"Pablo Yaryura Vende\"},\"image\":{\"@id\":\"https:\\\/\\\/yaryuravende.com\\\/landing\\\/#\\\/schema\\\/logo\\\/image\\\/\"},\"sameAs\":[\"https:\\\/\\\/www.facebook.com\\\/pablo.yaryura.propiedades\",\"https:\\\/\\\/www.instagram.com\\\/pablo.yaryura\\\/\"]}]}<\/script>\n<!-- \/ Yoast SEO plugin. -->","yoast_head_json":{"title":"Pol\u00edtica de Privacidad - Pablo Yaryura Propiedades - Landing Yaryura Propiedades","robots":{"index":"index","follow":"follow","max-snippet":"max-snippet:-1","max-image-preview":"max-image-preview:large","max-video-preview":"max-video-preview:-1"},"canonical":"https:\/\/yaryuravende.com\/landing\/politica-de-privacidad-pablo-yaryura-propiedades\/","og_locale":"es_ES","og_type":"article","og_title":"Pol\u00edtica de Privacidad - Pablo Yaryura Propiedades - Landing Yaryura Propiedades","og_description":"Esta Pol\u00edtica de Privacidad describe el modo en el que Pablo Yaryura Propiedades recopila, almacena y utiliza la informaci\u00f3n sobre las personas que visitan este sitio web. AL UTILIZAR ESTE SITIO WEB, APRUEBA LA RECOPILACI\u00d3N Y EL USO DE SUS DATOS PERSONALES COMO SE ESTABLECE EN ESTA POLITICA DE PRIVACIDAD. TAMBI\u00c9N RECONOCE QUE Pablo Yaryura [&hellip;]","og_url":"https:\/\/yaryuravende.com\/landing\/politica-de-privacidad-pablo-yaryura-propiedades\/","og_site_name":"Landing Yaryura Propiedades","article_publisher":"https:\/\/www.facebook.com\/pablo.yaryura.propiedades","article_modified_time":"2021-04-23T14:26:21+00:00","twitter_card":"summary_large_image","twitter_misc":{"Tiempo de lectura":"7 minutos"},"schema":{"@context":"https:\/\/schema.org","@graph":[{"@type":"WebPage","@id":"https:\/\/yaryuravende.com\/landing\/politica-de-privacidad-pablo-yaryura-propiedades\/","url":"https:\/\/yaryuravende.com\/landing\/politica-de-privacidad-pablo-yaryura-propiedades\/","name":"Pol\u00edtica de Privacidad - Pablo Yaryura Propiedades - Landing Yaryura Propiedades","isPartOf":{"@id":"https:\/\/yaryuravende.com\/landing\/#website"},"datePublished":"2021-04-23T12:13:42+00:00","dateModified":"2021-04-23T14:26:21+00:00","breadcrumb":{"@id":"https:\/\/yaryuravende.com\/landing\/politica-de-privacidad-pablo-yaryura-propiedades\/#breadcrumb"},"inLanguage":"es","potentialAction":[{"@type":"ReadAction","target":["https:\/\/yaryuravende.com\/landing\/politica-de-privacidad-pablo-yaryura-propiedades\/"]}]},{"@type":"BreadcrumbList","@id":"https:\/\/yaryuravende.com\/landing\/politica-de-privacidad-pablo-yaryura-propiedades\/#breadcrumb","itemListElement":[{"@type":"ListItem","position":1,"name":"Portada","item":"https:\/\/yaryuravende.com\/landing\/"},{"@type":"ListItem","position":2,"name":"Pol\u00edtica de Privacidad &#8211; Pablo Yaryura Propiedades"}]},{"@type":"WebSite","@id":"https:\/\/yaryuravende.com\/landing\/#website","url":"https:\/\/yaryuravende.com\/landing\/","name":"Landing Yaryura Propiedades","description":"Comercializaci\u00f3n de emprendimientos inmobiliarios en Caseros, Santos Lugares, S\u00e1enz Pe\u00f1a y Villa Devoto.","publisher":{"@id":"https:\/\/yaryuravende.com\/landing\/#organization"},"potentialAction":[{"@type":"SearchAction","target":{"@type":"EntryPoint","urlTemplate":"https:\/\/yaryuravende.com\/landing\/?s={search_term_string}"},"query-input":{"@type":"PropertyValueSpecification","valueRequired":true,"valueName":"search_term_string"}}],"inLanguage":"es"},{"@type":"Organization","@id":"https:\/\/yaryuravende.com\/landing\/#organization","name":"Pablo Yaryura Vende","url":"https:\/\/yaryuravende.com\/landing\/","logo":{"@type":"ImageObject","inLanguage":"es","@id":"https:\/\/yaryuravende.com\/landing\/#\/schema\/logo\/image\/","url":"https:\/\/yaryuravende.com\/landing\/wp-content\/uploads\/2021\/04\/yaryuravende-logo-200.png","contentUrl":"https:\/\/yaryuravende.com\/landing\/wp-content\/uploads\/2021\/04\/yaryuravende-logo-200.png","width":1181,"height":232,"caption":"Pablo Yaryura Vende"},"image":{"@id":"https:\/\/yaryuravende.com\/landing\/#\/schema\/logo\/image\/"},"sameAs":["https:\/\/www.facebook.com\/pablo.yaryura.propiedades","https:\/\/www.instagram.com\/pablo.yaryura\/"]}]}},"_links":{"self":[{"href":"https:\/\/yaryuravende.com\/landing\/wp-json\/wp\/v2\/pages\/334","targetHints":{"allow":["GET"]}}],"collection":[{"href":"https:\/\/yaryuravende.com\/landing\/wp-json\/wp\/v2\/pages"}],"about":[{"href":"https:\/\/yaryuravende.com\/landing\/wp-json\/wp\/v2\/types\/page"}],"author":[{"embeddable":true,"href":"https:\/\/yaryuravende.com\/landing\/wp-json\/wp\/v2\/users\/1"}],"replies":[{"embeddable":true,"href":"https:\/\/yaryuravende.com\/landing\/wp-json\/wp\/v2\/comments?post=334"}],"version-history":[{"count":4,"href":"https:\/\/yaryuravende.com\/landing\/wp-json\/wp\/v2\/pages\/334\/revisions"}],"predecessor-version":[{"id":363,"href":"https:\/\/yaryuravende.com\/landing\/wp-json\/wp\/v2\/pages\/334\/revisions\/363"}],"wp:attachment":[{"href":"https:\/\/yaryuravende.com\/landing\/wp-json\/wp\/v2\/media?parent=334"}],"curies":[{"name":"wp","href":"https:\/\/api.w.org\/{rel}","templated":true}]}}